{"id":17521,"date":"2016-07-11T15:32:08","date_gmt":"2016-07-11T13:32:08","guid":{"rendered":"http:\/\/hotspots.net.hr\/en\/?page_id=17521"},"modified":"2023-05-05T09:14:39","modified_gmt":"2023-05-05T07:14:39","slug":"oglasavanje","status":"publish","type":"page","link":"https:\/\/croatia-hotspots.com\/en\/oglasavanje\/","title":{"rendered":"Marketing"},"content":{"rendered":"<p>Ogla\u0161avanje na vode\u0107em turisti\u010dkom portalu Hotspots.net.hr, predstavlja efikasno i ciljano ogla\u0161avanje putem kojeg vijesti o va\u0161im turisti\u010dkim uslugama, proizvodima i destinacijama, osim na\u00a0<strong>Hotspots.net.hr-u<\/strong>, ujedno promoviramo i na<strong> nekoliko najposje\u0107enih rubrika<\/strong> vode\u0107eg portala <a href=\"http:\/\/www.net.hr\">www.net.hr<\/a>.<br \/>\nTime svaka va\u0161a kampanja dobiva poja\u010dani doseg i izvrsne statistike, zahvaljuju\u0107i plasmanu va\u0161ih tekstova i atraktivnih vizuala bannera na nekoliko razli\u010ditih rubrika.<br \/>\n<span style=\"line-height: 1.5;\">Aktivno sudjelujemo u kreiranju va\u0161e kampanje, predla\u017eu\u0107i i osmi\u0161ljavaju\u0107i cjelokupnu strategiju, od izrade promo \u010dlanaka i prijevoda, do izrade web bannera uz promociju teksta i na engleskoj stranici.<br \/>\n<\/span>Svi materijali i oglasi su tako uklju\u010deni u cijenu \u010dime se ogla\u0161iva\u010dima zna\u010dajno olak\u0161ava proces cjelokupnog vo\u0111enja marketinga.<br \/>\n<strong>Statistike:<\/strong> Hotspots.net.hr mjese\u010dno bilje\u017ei preko <b>84.000,00<\/b>\u00a0jedinstvenih posjetitelja, te vi\u0161e od <strong>100.000,00<\/strong> pregleda stranica (Izvor Google Analytics).<\/p>\n<p><strong>JEDNOKRATNO OGLA\u0160AVANJE NA PORTALU CROATIA HOTSPOTS<\/strong><\/p>\n<p>Cijena za ogla\u0161avanje sponzoriranim \u010dlankom na portalu Croatia Hotspots u svim rubrikama u trajanju od 7 dana<b> = 1.500,00 kn + PDV<\/b><\/p>\n<p><strong>CJENIK POSEBNIH GODI\u0160NJIH PAKETA NA MRE\u017dI PORTALA \u00a0(Hotspots.net.hr i <a href=\"http:\/\/www.net.hr\">www.net.hr<\/a>)<\/strong><\/p>\n<p><b>Extra small paketi<\/b><b>\u00a0 &#8211; najpovoljniji put do oglasne mre\u017ee portala <\/b><b><a href=\"http:\/\/www.net.hr\/\">www.net.hr<\/a><\/b><b> i Croatia Hotspots <\/b><\/p>\n<p><b>Small paket 1<br \/>\n<\/b>Vrijednost small paketa = <b>5.500,00 kn + PDV<\/b><br \/>\n<b>Small <\/b><b>paket\u00a0 1 <\/b><b>uklju\u010duje:<\/b><br \/>\nPromo \u010dlanak u trajanju od 2 dana na naslovnici portala\u00a0 net.hr u boksu Hotspots<br \/>\nPromo \u010dlanak na hotspots.net.hr-u\/naslovnica \u2013 7 dana<br \/>\nPromo \u010dlanak naslovnica Magazin.net.hr\u00a0 \u2013 7 dana<\/p>\n<p>Promo \u010dlanak u rubrici Danas.net.hr \u2013 2 dana<br \/>\n<strong>Trajanje PR paketa:<\/strong> <b>3 objave godi\u0161nje<\/b><\/p>\n<p><b>Small paket 2<br \/>\n<\/b>Vrijednost small paketa 2 = <b>3.500,00 kn + PDV<\/b><br \/>\nSponzorirani \u010dlanak u trajanju od 2 dana na naslovnici portala\u00a0 net.hr u boksu Hotspots<br \/>\nSponzorirani \u010dlanak na naslovnici hotspots.net.hr-u u trajanju od 7 dana<br \/>\nMagazin.net.hr rubrika\u00a0 sponzorirani \u010dlanak \u2013 7 dana<br \/>\n<b>Trajanje PR paketa:<\/b> <b>2 objave godi\u0161nje<\/b><strong><br \/>\n<\/strong><\/p>\n<p><strong>VE\u0106I PAKETI MRE\u017dE PORTALA\u00a0<\/strong><br \/>\n(uklju\u010duju ogla\u0161avanje bannerima i tekstualnim sponzoriranim \u010dlancima na Croatia Hotspotsu, portalu www.net.hr i rubrikama Danas.net.hr + Magazin.net.hr)<\/p>\n<p><span style=\"text-decoration: underline;\"><b>Paket 7<\/b><\/span><\/p>\n<p><b>Iznos kampanje: 10.000 kn + PDV<\/b><br \/>\n<u>Trajanje<\/u><u>: 10 <\/u><u>objava <\/u><br \/>\nDinamika objava: 1 objava mjese\u010dno<\/p>\n<p><b>Mjese\u010dna cijena \u2013\u00a0 1.000,00 kn + PDV<\/b><br \/>\nRubrike promo \u010dlanaka na portalu <a href=\"http:\/\/www.net.hr\/\">www.net.hr<\/a><br \/>\nnaslovnica net.hr \u2013 \u00a02 dana, rubrike Magazin.net.hr\/Moda, Magazin.net.hr\/Ljepota,Magazin.net.hr\/Zdravlje,Magazin.net.hr\/Putovanja, Magazin.net.hr\/Brak i veze\u2013 7 dana po objavi, rubrike Danas.net.hr Hrvatska i Danas.net.hr Svijet \u2013 3 dana po objavi<br \/>\nRubrika promo \u010dlanka na portalu Hotspots.net.hr \u2013 naslovnica \u2013 7 dana<br \/>\nBanner 300&#215;600 pixela na Hotspots.net.hr \u2013 3 objave godi\u0161nje, u trajanju od 5 dana po objavi<\/p>\n<p><span style=\"text-decoration: underline;\"><b>Paket 6<\/b><\/span><\/p>\n<p>Iznos kampanje: <b>20.000 kn + <\/b><b>PDV<\/b><br \/>\nMjese\u010dni iznos kampanje \u2013 2.000,00 kn + PDV<br \/>\n<u>Trajanje<\/u><u>: 10 objava<\/u><br \/>\nDinamika objava \u2013 1 objava mjese\u010dno<br \/>\nRubrike promo \u010dlanaka na portalu <a href=\"http:\/\/www.net.hr\/\">www.net.hr<\/a>:<br \/>\n<a href=\"http:\/\/www.net.hr\/\">www.net.hr<\/a> naslovnica\u00a0 3 dana, Danas.net.hr Hrvatska, Danas.net.hr Svijet,Danas.net.hr Crna kronika \u2013 5 dana po objavi, Magazin.net.hr Moda i Ljepota i Putovanja &#8211; 7 dana)<br \/>\nRubrika promo \u010dlanka na portalu Hotspots.net.hr \u2013 naslovnica:<br \/>\nTrajanje promo \u010dlanaka na portalu Hotspots.net.hr pri svakoj objavi \u2013 7 dana<\/p>\n<p>Banner 300&#215;600 pixela u rubrici Magazin.net.hr \u2013 3 objave godi\u0161nje<\/p>\n<p>Banner 300&#215;600 pixela na portalu Hotspots.net.hr \u2013 3 objave godi\u0161nje<\/p>\n<p>Trajanje banner kampanje \u2013 7 dana<\/p>\n<p><span style=\"text-decoration: underline;\"><strong>Paket\u00a0 5<\/strong><\/span><\/p>\n<p><strong>Trajanje kampanje \u2013 10 mjeseci<\/strong><\/p>\n<p><b>Iznos kampanje \u2013 30.000 kn + PDV<br \/>\nMjese\u010dni iznos kampanje <\/b><b>\u2013 3.000,00 <\/b><b>kn + PDV<br \/>\n<\/b>Broj objava tekstualnih promo \u010dlanaka \u2013 20 objava u toku godi\u0161nje\u00a0 kampanje<br \/>\nDinamika objave tekstualnih promo \u010dlanaka \u2013 2 objave mjese\u010dno<br \/>\nRubrike promo \u010dlanaka na portalu net.hr :<br \/>\n<a href=\"http:\/\/www.net.hr\/\">\u00a0www.net.hr<\/a> naslovnica 3 dana,<br \/>\n<a href=\"http:\/\/magazin.net.hr\/\">magazin.net.hr<\/a> (Moda, Ljepota, Zdravlje, Putovanja,Brak i veze) \u2013 10 dana<br \/>\n<a href=\"http:\/\/danas.net.hr\/\">danas.net.hr<\/a> (Hrvatska, Svijet, Crna kronika) &#8211; 5 dana<br \/>\nRubrika promo \u010dlanka na portalu Hotspots.net.hr \u2013 naslovnica -10 dana<br \/>\n<b>Web banner kampanja \u2013 300\u00d7600 pixela<br \/>\nDinamika objave web banner kampanje<\/b><b>: <\/b>5 godi\u0161nje objave banner kampanje u rubrici Magazin.net.hr (sve rubrike)<a href=\"http:\/\/magazin.net.hr\/putovanja\/\"><br \/>\n<\/a>Banner 300\u00d7600 pixela rubrika Hotspots.net.hr naslovnica \u2013 5 objava u trajanju od 7 dana po objavi<\/p>\n<p><span style=\"text-decoration: underline;\"><b>Paket 4<\/b><\/span><\/p>\n<p><strong>Trajanje kampanje \u2013 10 mjeseci<\/strong><\/p>\n<p><b>Iznos kampanje \u2013 40.000 kn + PDV<br \/>\nIznos mjese\u010dne kampanje <\/b><b>\u2013 4.000,00 <\/b><b>kn + PDV<\/b><br \/>\nBroj objava tekstualnih promo \u010dlanaka \u2013 20 objava u toku godi\u0161nje\u00a0 kampanje<br \/>\nDinamika objave tekstualnih promo \u010dlanaka \u2013 2 objave mjese\u010dno<br \/>\nRubrike promo \u010dlanaka na portalu net.hr :<br \/>\n<a href=\"http:\/\/www.net.hr\/\">\u00a0www.net.hr<\/a> naslovnica \u00a03 dana,<br \/>\n<a href=\"http:\/\/magazin.net.hr\/\">magazin.net.hr<\/a> (Moda, Ljepota, Zdravlje, Putovanja,Brak i veze) \u2013 10 dana<br \/>\n<a href=\"http:\/\/danas.net.hr\/\">danas.net.hr<\/a> (Hrvatska, Svijet, Crna kronika) &#8211; 5 dana<br \/>\nTrajanje promo \u010dlanaka na portalu Hotspots.net.hr pri svakoj objavi \u2013 10 dana<br \/>\n<b>Web banner kampanja <\/b>\u2013 wallpaper banner <b><br \/>\n<\/b>Dinamika objave web banner kampanje \u2013 2 kampanje po 200.000 impresija na portalu <a href=\"http:\/\/www.net.hr\/\">www.net.hr<\/a> (ROS)<br \/>\nUkupan broj impresija \u2013 400.000 impresija\/prikaza bannera godi\u0161nje<br \/>\nBanner 300\u00d7600 pixela rubrika Hotspots.net.hr \u2013 8 objava godi\u0161nje &#8211; 7 dana po objavi<br \/>\nBanner 300&#215;600 pixela rubrika Magazin.net.hr &#8211; 5 objava godi\u0161nje &#8211; 7 dana po objavi<\/p>\n<p><span style=\"text-decoration: underline;\"><b>Paket 3<\/b><\/span><\/p>\n<p><strong>Trajanje paketa \u2013 10 mjeseci<\/strong><\/p>\n<p><b>Iznos kampanje \u2013 50.000 kn + PDV<br \/>\nIznos mjese\u010dne kampanje \u2013 5.000,00 kn + PDV<br \/>\n<\/b>Broj objava tekstualnih promo \u010dlanaka \u2013 20 objava u toku godi\u0161nje\u00a0 kampanje<br \/>\nDinamika objave tekstualnih promo \u010dlanaka \u2013 2 objave mjese\u010dno<br \/>\nRubrike promo \u010dlanaka na portalu net.hr :<br \/>\n<a href=\"http:\/\/www.net.hr\/\">\u00a0www.net.hr<\/a> naslovnica\u00a0 4\u00a0 dana,<br \/>\n<a href=\"http:\/\/magazin.net.hr\/\">magazin.net.hr<\/a> (Moda, Ljepota, Zdravlje, Putovanja,Brak i veze) \u2013\u00a0 10 dana<br \/>\n<a href=\"http:\/\/danas.net.hr\/\">danas.net.hr<\/a> (Hrvatska, Svijet, Crna kronika) &#8211; 7 dana<br \/>\nRubrika promo \u010dlanka na portalu Hotspots.net.hr \u2013 naslovnica -10 dana<br \/>\n<b>Web banner kampanja <\/b>\u2013 wallpaper banner <b><br \/>\n<\/b>Dinamika objave web banner kampanje \u2013 3 kampanje po 200.000 impresija na portalu <a href=\"http:\/\/www.net.hr\/\">www.net.hr<\/a> (ROS)<br \/>\nBanner 300\u00d7600 pixela rubrika Hotspots.net.hr \u2013 10 objava godi\u0161nje<br \/>\nBanner 300&#215;600 pixela rubrika Magazin.net.hr &#8211; 5 objava godi\u0161nje<br \/>\nTrajanje kampanje bannera 300\u00d7600 na portalu Hotspots.net.hr po jednoj objavi \u2013 7 dana<\/p>\n<p><span style=\"text-decoration: underline;\"><b>Paket 2 <\/b><\/span><\/p>\n<p><b>Trajanje paketa \u2013 10 mjeseci<\/b><\/p>\n<p><b>Iznos godi\u0161nje kampanje \u2013<\/b> <strong>70.000 kn + PDV<\/strong><b><br \/>\nIznos mjese\u010dne kampanje \u2013 7.000,00 kn + PDV<\/b><br \/>\nBroj objava tekstualnih promo \u010dlanaka \u2013 30 objava u toku kampanje<br \/>\nDinamika objave tekstualnih promo \u010dlanaka \u2013 3 objave mjese\u010dno<br \/>\nRubrike objave promo \u010dlanaka na portalu net.hr :<br \/>\n<a href=\"http:\/\/www.net.hr\/\">\u00a0www.net.hr<\/a> naslovnica \u00a04 dana,<br \/>\n<a href=\"http:\/\/magazin.net.hr\/\">magazin.net.hr<\/a> (Moda, Ljepota,\u00a0 Dom i vrt, Zdravlje, Brak i veze) \u2013 10 dana<br \/>\n<a href=\"http:\/\/danas.net.hr\/\">danas.net.hr<\/a> (Hrvatska, Svijet, Crna kronika) &#8211; 5 dana<br \/>\nTrajanje promo \u010dlanaka na portalu Hotspots.net.hr pri svakoj objavi \u2013 10 dana<br \/>\n<b>Web banner kampanja<\/b> \u2013 wallpaper banner <b><br \/>\n<\/b>Dinamika objave web banner kampanje \u2013 4\u00a0 kampanje po 200.000 impresija na portalu <a href=\"http:\/\/www.net.hr\/\">www.net.hr<\/a> (ROS)<br \/>\nUkupan broj impresija \u2013<strong> 7<\/strong><b>00.000<\/b> impresija\/prikaza bannera godi\u0161nje<br \/>\nBanner 300\u00d7600 pixela rubrika Hotspots.net.hr \u2013 10 kampanja godi\u0161nje<\/p>\n<p>Banner 300&#215;600 pixela rubrika Magazin.net.hr &#8211; 7 objava godi\u0161nje<br \/>\nTrajanje kampanje bannera 300\u00d7600 na portalu Hotspots.net.hr po jednoj objavi \u2013 \u00a010 dana<\/p>\n<p><span style=\"text-decoration: underline;\"><b>Paket 1 (MAX paket)<\/b><\/span><b><br \/>\n<\/b>Trajanje paketa \u2013 10 mjeseci<br \/>\nIznos godi\u0161nje kampanje \u2013 <b>100.000 kn\u00a0 + PDV<\/b><br \/>\nIznos mjese\u010dne kampanje \u2013 <b>10.000 kn + PDV<\/b><br \/>\nBroj objava tekstualnih promo \u010dlanaka: 30 objava u toku kampanje<br \/>\nDinamika objave tekstualnih promo \u010dlanaka \u2013 3 objave mjese\u010dno<br \/>\nRubrike promo \u010dlanaka i broj dana po objavi:<br \/>\n<a href=\"http:\/\/www.net.hr\/\">\u00a0www.net.hr<\/a> naslovnica\u00a0 4 dana,<br \/>\n<a href=\"http:\/\/magazin.net.hr\/\">magazin.net.hr<\/a> (Moda, Ljepota, Zdravlje, Putovanja,Brak i veze) \u2013 7 dana<br \/>\n<a href=\"http:\/\/danas.net.hr\/\">danas.net.hr<\/a> (Hrvatska, Svijet,) \u2013 7\u00a0 dana<br \/>\nRubrika promo \u010dlanak na portalu <a href=\"http:\/\/hotspots.net.hr\/\">Hotspots.net.hr <\/a>\u2013 naslovnica \u2013 10 dana<br \/>\n<b>Web banner kampanja <\/b>\u2013 Wallpaper banner <b><br \/>\n<\/b>Dinamika objave web banner kampanje \u2013 \u00a05\u00a0 kampanja po 200.000 impresija na portalu <a href=\"http:\/\/www.net.hr\/\">www.net.hr<\/a> (ROS)<br \/>\nUkupan broj impresija \u2013 <b>1000.000,00<\/b>\u00a0 impresija\/prikaza bannera godi\u0161nje<br \/>\nBanner 300\u00d7600 pixela Hotspots.net.hr \u2013 10 kampanja godi\u0161nje &#8211; 14 dana po objavi<br \/>\nBanner 300&#215;600 pixela MAgazin.net.hr &#8211; 10 kampanja godi\u0161nje &#8211; 10 dana po objavi<\/p>\n<p><span style=\"text-decoration: underline;\"><strong>Uvjeti ogla\u0161avanja<\/strong><\/span><\/p>\n<p>U\u00a0sve\u00a0cijene je uklju\u010dena gratis\u00a0<strong>izrada bannera i izrada promotivnih tekstova te prijevoda.<\/strong><\/p>\n<p><strong>Marketin\u0161ke agencije<\/strong> \u00a0ostvaruju na suradnju popust od <strong>15%<\/strong> agencijske provizije te dodatnih <strong>15%<\/strong>\u00a0welcome popusta na prvo ogla\u0161avanje.<\/p>\n<p>Vlasnici <strong>apartmana, kampova, villa\u00a0 i ostalih objekata za najam<\/strong>, na \u00a0iskazane cijene imaju dodatnih &#8211;<strong>10% popust<\/strong>a\u00a0 na ogla\u0161avanje<\/p>\n<p>Na sve avansne uplate odobravamo <strong>10% <\/strong>popusta.<\/p>\n<p>Kontakt podaci;<\/p>\n<p><strong>Hot Spots studio Split<\/strong><\/p>\n<p>Mob: 095 8273 775<br \/>\nMail: maja@croatia-hotspots.com<\/p>\n<p><strong>\u00a0<\/strong><\/p>\n","protected":false},"excerpt":{"rendered":"<p>Ogla\u0161avanje na vode\u0107em turisti\u010dkom portalu Hotspots.net.hr, predstavlja efikasno i ciljano ogla\u0161avanje putem kojeg vijesti o va\u0161im turisti\u010dkim uslugama, proizvodima i [&hellip;]<\/p>\n","protected":false},"author":559,"featured_media":0,"parent":0,"menu_order":0,"comment_status":"closed","ping_status":"closed","template":"","meta":{"footnotes":""},"class_list":["post-17521","page","type-page","status-publish","hentry"],"yoast_head":"<!-- This site is optimized with the Yoast SEO plugin v26.3 - https:\/\/yoast.com\/wordpress\/plugins\/seo\/ -->\n<title>Marketing - Croatian Hot Spots<\/title>\n<meta name=\"description\" content=\"Ogla\u0161avanje na vode\u0107em turisti\u010dkom portalu Hotspots.net.hr, predstavlja efikasno i ciljano ogla\u0161avanje putem kojeg vijesti o va\u0161im turisti\u010dkim uslugama,\" \/>\n<meta name=\"robots\" content=\"index, follow, max-snippet:-1, max-image-preview:large, max-video-preview:-1\" \/>\n<link rel=\"canonical\" href=\"https:\/\/croatia-hotspots.com\/en\/oglasavanje\/\" \/>\n<meta name=\"twitter:card\" content=\"summary_large_image\" \/>\n<meta name=\"twitter:title\" content=\"Marketing - Croatian Hot Spots\" \/>\n<meta name=\"twitter:description\" content=\"Ogla\u0161avanje na vode\u0107em turisti\u010dkom portalu Hotspots.net.hr, predstavlja efikasno i ciljano ogla\u0161avanje putem kojeg vijesti o va\u0161im turisti\u010dkim uslugama,\" \/>\n<meta name=\"twitter:label1\" content=\"Est. reading time\" \/>\n\t<meta name=\"twitter:data1\" content=\"7 minutes\" \/>\n<script type=\"application\/ld+json\" class=\"yoast-schema-graph\">{\"@context\":\"https:\/\/schema.org\",\"@graph\":[{\"@type\":\"WebPage\",\"@id\":\"https:\/\/croatia-hotspots.com\/en\/oglasavanje\/\",\"url\":\"https:\/\/croatia-hotspots.com\/en\/oglasavanje\/\",\"name\":\"Marketing - Croatian Hot Spots\",\"isPartOf\":{\"@id\":\"https:\/\/croatia-hotspots.com\/en\/#website\"},\"datePublished\":\"2016-07-11T13:32:08+00:00\",\"dateModified\":\"2023-05-05T07:14:39+00:00\",\"description\":\"Ogla\u0161avanje na vode\u0107em turisti\u010dkom portalu Hotspots.net.hr, predstavlja efikasno i ciljano ogla\u0161avanje putem kojeg vijesti o va\u0161im turisti\u010dkim uslugama,\",\"breadcrumb\":{\"@id\":\"https:\/\/croatia-hotspots.com\/en\/oglasavanje\/#breadcrumb\"},\"inLanguage\":\"en-US\",\"potentialAction\":[{\"@type\":\"ReadAction\",\"target\":[\"https:\/\/croatia-hotspots.com\/en\/oglasavanje\/\"]}]},{\"@type\":\"BreadcrumbList\",\"@id\":\"https:\/\/croatia-hotspots.com\/en\/oglasavanje\/#breadcrumb\",\"itemListElement\":[{\"@type\":\"ListItem\",\"position\":1,\"name\":\"Home\",\"item\":\"https:\/\/croatia-hotspots.com\/en\/blog-news\/\"},{\"@type\":\"ListItem\",\"position\":2,\"name\":\"Marketing\"}]},{\"@type\":\"WebSite\",\"@id\":\"https:\/\/croatia-hotspots.com\/en\/#website\",\"url\":\"https:\/\/croatia-hotspots.com\/en\/\",\"name\":\"Croatian Hot Spots\",\"description\":\"Vodi\u0107 kroz najatraktivnije hrvatske destinacije\",\"potentialAction\":[{\"@type\":\"SearchAction\",\"target\":{\"@type\":\"EntryPoint\",\"urlTemplate\":\"https:\/\/croatia-hotspots.com\/en\/?s={search_term_string}\"},\"query-input\":{\"@type\":\"PropertyValueSpecification\",\"valueRequired\":true,\"valueName\":\"search_term_string\"}}],\"inLanguage\":\"en-US\"}]}<\/script>\n<!-- \/ Yoast SEO plugin. -->","yoast_head_json":{"title":"Marketing - Croatian Hot Spots","description":"Ogla\u0161avanje na vode\u0107em turisti\u010dkom portalu Hotspots.net.hr, predstavlja efikasno i ciljano ogla\u0161avanje putem kojeg vijesti o va\u0161im turisti\u010dkim uslugama,","robots":{"index":"index","follow":"follow","max-snippet":"max-snippet:-1","max-image-preview":"max-image-preview:large","max-video-preview":"max-video-preview:-1"},"canonical":"https:\/\/croatia-hotspots.com\/en\/oglasavanje\/","twitter_card":"summary_large_image","twitter_title":"Marketing - Croatian Hot Spots","twitter_description":"Ogla\u0161avanje na vode\u0107em turisti\u010dkom portalu Hotspots.net.hr, predstavlja efikasno i ciljano ogla\u0161avanje putem kojeg vijesti o va\u0161im turisti\u010dkim uslugama,","twitter_misc":{"Est. reading time":"7 minutes"},"schema":{"@context":"https:\/\/schema.org","@graph":[{"@type":"WebPage","@id":"https:\/\/croatia-hotspots.com\/en\/oglasavanje\/","url":"https:\/\/croatia-hotspots.com\/en\/oglasavanje\/","name":"Marketing - Croatian Hot Spots","isPartOf":{"@id":"https:\/\/croatia-hotspots.com\/en\/#website"},"datePublished":"2016-07-11T13:32:08+00:00","dateModified":"2023-05-05T07:14:39+00:00","description":"Ogla\u0161avanje na vode\u0107em turisti\u010dkom portalu Hotspots.net.hr, predstavlja efikasno i ciljano ogla\u0161avanje putem kojeg vijesti o va\u0161im turisti\u010dkim uslugama,","breadcrumb":{"@id":"https:\/\/croatia-hotspots.com\/en\/oglasavanje\/#breadcrumb"},"inLanguage":"en-US","potentialAction":[{"@type":"ReadAction","target":["https:\/\/croatia-hotspots.com\/en\/oglasavanje\/"]}]},{"@type":"BreadcrumbList","@id":"https:\/\/croatia-hotspots.com\/en\/oglasavanje\/#breadcrumb","itemListElement":[{"@type":"ListItem","position":1,"name":"Home","item":"https:\/\/croatia-hotspots.com\/en\/blog-news\/"},{"@type":"ListItem","position":2,"name":"Marketing"}]},{"@type":"WebSite","@id":"https:\/\/croatia-hotspots.com\/en\/#website","url":"https:\/\/croatia-hotspots.com\/en\/","name":"Croatian Hot Spots","description":"Vodi\u0107 kroz najatraktivnije hrvatske destinacije","potentialAction":[{"@type":"SearchAction","target":{"@type":"EntryPoint","urlTemplate":"https:\/\/croatia-hotspots.com\/en\/?s={search_term_string}"},"query-input":{"@type":"PropertyValueSpecification","valueRequired":true,"valueName":"search_term_string"}}],"inLanguage":"en-US"}]}},"_links":{"self":[{"href":"https:\/\/croatia-hotspots.com\/en\/wp-json\/wp\/v2\/pages\/17521","targetHints":{"allow":["GET"]}}],"collection":[{"href":"https:\/\/croatia-hotspots.com\/en\/wp-json\/wp\/v2\/pages"}],"about":[{"href":"https:\/\/croatia-hotspots.com\/en\/wp-json\/wp\/v2\/types\/page"}],"author":[{"embeddable":true,"href":"https:\/\/croatia-hotspots.com\/en\/wp-json\/wp\/v2\/users\/559"}],"replies":[{"embeddable":true,"href":"https:\/\/croatia-hotspots.com\/en\/wp-json\/wp\/v2\/comments?post=17521"}],"version-history":[{"count":4,"href":"https:\/\/croatia-hotspots.com\/en\/wp-json\/wp\/v2\/pages\/17521\/revisions"}],"predecessor-version":[{"id":51469,"href":"https:\/\/croatia-hotspots.com\/en\/wp-json\/wp\/v2\/pages\/17521\/revisions\/51469"}],"wp:attachment":[{"href":"https:\/\/croatia-hotspots.com\/en\/wp-json\/wp\/v2\/media?parent=17521"}],"curies":[{"name":"wp","href":"https:\/\/api.w.org\/{rel}","templated":true}]}}