{"id":17500,"date":"2016-02-09T17:32:43","date_gmt":"2016-02-09T16:32:43","guid":{"rendered":"http:\/\/hotspots.net.hr\/en\/hotspots-partners\/"},"modified":"2020-02-22T10:45:36","modified_gmt":"2020-02-22T09:45:36","slug":"hotspots-partners","status":"publish","type":"page","link":"https:\/\/croatia-hotspots.com\/en\/hotspots-partners\/","title":{"rendered":"Partners"},"content":{"rendered":"\n<p><strong>BARBARA MARKOVI\u0106<\/strong><\/p>\n\n\n\n<figure class=\"wp-block-image is-resized\"><img decoding=\"async\" data-pin-description=\"Hotspots suradnici\" data-pin-title=\"Hotspots suradnici\" src=\"http:\/\/hotspots.net.hr\/wp-content\/uploads\/2019\/07\/IMG_E3995.jpg\" alt=\"\" class=\"wp-image-38168\" width=\"261\" height=\"341\" srcset=\"https:\/\/croatia-hotspots.com\/wp-content\/uploads\/2019\/07\/IMG_E3995.jpg 750w, https:\/\/croatia-hotspots.com\/wp-content\/uploads\/2019\/07\/IMG_E3995-229x300.jpg 229w\" sizes=\"(max-width: 261px) 100vw, 261px\" \/><\/figure>\n\n\n\n<p>Slu\u017ebeni edukator za privatni smje\u0161taj, vlasnica turisti\u010dke agencije Dalmagic.<br>barbara@dalmagic.eu<\/p>\n\n\n\n<p>U apartmanskom&nbsp;smje\u0161taju posljednih godina dolazi do velikog preokreta. Dolaskom sve ve\u0107eg broja gostiju na na\u0161a podru\u010dja, standard apartmana i njihova ponuda se mijenja, preoblikuje i prilago\u0111ava tr\u017ei\u0161tu. Svaki apartman danas koji u sklopu smje\u0161taja nema jo\u0161&nbsp;neku dodatnu ponudu, te\u0161ko se mo\u017ee razlikovati od konkurencije i ostvarivati dobru popunjenost.<\/p>\n\n\n\n<p>Kako bi izborili svoje mjesto pod suncem, te konkurirali na turisti\u010dkom tr\u017ei\u0161tu, toplo se preoporu\u010da svim smje\u0161tajnim jedinicama u&nbsp; ponudi pru\u017eiti dodatnu uslugu ili tematski preobraziti smje\u0161tajnu jedinicu, a u svrhu uskog ciljanja potencijalnih gostiju.<br><\/p>\n\n\n\n<figure class=\"wp-block-image is-resized\"><img decoding=\"async\" data-pin-description=\"Hotspots suradnici\" data-pin-title=\"Hotspots suradnici\" src=\"http:\/\/hotspots.net.hr\/wp-content\/uploads\/2019\/07\/tanja-i-neno_2-2014_-IMG_9664-1-1024x1024.jpg\" alt=\"\" class=\"wp-image-38173\" width=\"237\" height=\"237\" srcset=\"https:\/\/croatia-hotspots.com\/wp-content\/uploads\/2019\/07\/tanja-i-neno_2-2014_-IMG_9664-1-1024x1024.jpg 1024w, https:\/\/croatia-hotspots.com\/wp-content\/uploads\/2019\/07\/tanja-i-neno_2-2014_-IMG_9664-1-150x150.jpg 150w, https:\/\/croatia-hotspots.com\/wp-content\/uploads\/2019\/07\/tanja-i-neno_2-2014_-IMG_9664-1-300x300.jpg 300w, https:\/\/croatia-hotspots.com\/wp-content\/uploads\/2019\/07\/tanja-i-neno_2-2014_-IMG_9664-1-768x767.jpg 768w, https:\/\/croatia-hotspots.com\/wp-content\/uploads\/2019\/07\/tanja-i-neno_2-2014_-IMG_9664-1-370x370.jpg 370w, https:\/\/croatia-hotspots.com\/wp-content\/uploads\/2019\/07\/tanja-i-neno_2-2014_-IMG_9664-1.jpg 1307w\" sizes=\"(max-width: 237px) 100vw, 237px\" \/><\/figure>\n\n\n\n<p><strong>Tanja Kezi\u0107,<\/strong>&nbsp;gourmet bloger &amp; food designer<\/p>\n\n\n\n<p>Autorica bloga Plates\u2019n\u2019planes ( \u201cpjati i avioni\u201d)<br><a href=\"http:\/\/www.platesnplanes.com\/\">www.platesnplanes.com<\/a><br>Kroz \u010dlanke i objave autorica vas vodi na putovanje mirisima, bojama i okusima \u201cDalmatinske spize\u2019\u201c.<br><br>\u201ePutujuci svijetom shvatila sam da dosta ljudi zna za Hrvatsku ali vrlo malo broj ljudi zna i\u0161ta o tradicionalnoj hrvatskoj kuhinji. Na tom saznanju je i nastao moj blog i meni danas najdra\u017ei podnaslov \u201eChasing Croatian Recipes\u201c<br>Nisam bila sigurna kako da vas uvedem u hrvatsku kuhinju i sve \u0161to ona doista predstavlja, tako da sam se potrudila pripremiti najstarije i takore\u0107 \u201cnajoriginalnije\u201d hrvatske recepte na koje sam naisla. Svi recepti su detaljni, pojednostavljeni i popraceni fotografijama po fazama pripreme, u skladu s godisnjim dobima kroz koje prolazimo. Ja sam autorica svih postova, kuharica i \u201cfood designer\u201d a suprug Neno fotografira (i konzumira).<br>I na kraju krenimo s Tanjom u nezaboravnu gourmet avanturu!<\/p>\n\n\n\n<figure class=\"wp-block-image is-resized\"><img decoding=\"async\" data-pin-description=\"Hotspots suradnici\" data-pin-title=\"Hotspots suradnici\" src=\"http:\/\/hotspots.net.hr\/wp-content\/uploads\/2019\/07\/Foto-by-Mia-Rajda-1024x683.jpg\" alt=\"\" class=\"wp-image-38175\" width=\"228\" height=\"152\" srcset=\"https:\/\/croatia-hotspots.com\/wp-content\/uploads\/2019\/07\/Foto-by-Mia-Rajda-1024x683.jpg 1024w, https:\/\/croatia-hotspots.com\/wp-content\/uploads\/2019\/07\/Foto-by-Mia-Rajda-300x200.jpg 300w, https:\/\/croatia-hotspots.com\/wp-content\/uploads\/2019\/07\/Foto-by-Mia-Rajda-768x512.jpg 768w, https:\/\/croatia-hotspots.com\/wp-content\/uploads\/2019\/07\/Foto-by-Mia-Rajda-270x180.jpg 270w, https:\/\/croatia-hotspots.com\/wp-content\/uploads\/2019\/07\/Foto-by-Mia-Rajda-770x515.jpg 770w, https:\/\/croatia-hotspots.com\/wp-content\/uploads\/2019\/07\/Foto-by-Mia-Rajda-370x247.jpg 370w, https:\/\/croatia-hotspots.com\/wp-content\/uploads\/2019\/07\/Foto-by-Mia-Rajda-110x73.jpg 110w, https:\/\/croatia-hotspots.com\/wp-content\/uploads\/2019\/07\/Foto-by-Mia-Rajda.jpg 5331w\" sizes=\"(max-width: 228px) 100vw, 228px\" \/><\/figure>\n\n\n\n<p><strong>Josipa \u0160ikli\u0107<\/strong>, storytellingom kroz Zagreb<br>Vlasnica obrta za usluge u turizmu \u201cPurgerica\u201d pri\u010da najljep\u0161e pri\u010de o Zagrebu.<br>Ova mlada \u017eena radi godinama kao profesionalni turisti\u010dki vodi\u010d, sakuplja najljep\u0161e pri\u010de o Zagrebu te svojom vedrom osobno\u0161\u0107u nadahnjuje tisu\u0107e gostiju i zaljubljenika u Zagreb. Ostvarila je svoj san iz djetinjstva, ve\u0107 vi\u0161e od 17 godina \u017eivi i radi u Zagrebu i postala je prava Purgerica.<br><a rel=\"noreferrer noopener\" href=\"mailto:josipa_siklic@yahoo.com\" target=\"_blank\">josipa_siklic@yahoo.com<\/a><\/p>\n\n\n<p><\/p>\n<p><strong>ALIS MARI\u0106<\/strong><\/p>\n<p><img decoding=\"async\" class=\"size-full wp-image-16620\" src=\"http:\/\/hotspots.net.hr\/wp-content\/uploads\/2016\/02\/ii-300x225.jpg\" alt=\"OLYMPUS DIGITAL CAMERA\" width=\"300\" height=\"225\"><\/p>\n<p>Do prije godinu ipol, Alis Mari\u0107 nije bila ime poznato javnosti, a sada je, kako se \u0161ali, svako malo na televiziji zahvaljuju\u0107i upravo knjizi, mediju za koji neki misle kako \u201cvi\u0161e nikoga ne zanima\u201c i da pripada pro\u0161losti.<br>A jedan drugi medij, internet, to\u010dnije dru\u0161tvene mre\u017ee i njezin blog, pokrenuli su malu, ali ne vi\u0161e tako tihu revoluciju. Po\u010detak se\u017ee u 2009. godinu kada je Alis za natje\u010daj tportala i izdava\u010dke ku\u0107e Fraktura napisala recenziju romana \u201cMu\u0161karci koji mrze \u017eene\u201d, osvojila prvu nagradu te otputovala u \u0160vedsku \u2013 slijede\u0107i putove Stiega Larssona (pisca ali i alter ega glavnog lika trilogije).Obo\u017eava miris knjiga, voli ih dodirivati, u\u017eiva u lijepim mjestima za \u010ditanje, udobnim foteljama te mekom i mirisnom krevetu gdje se mo\u017ee opu\u0161teno \u010ditati . Osobito voli \u2013 knjige preporu\u010divati.<br>Alis je vlasnica jednog od najpopularnijih blogova u regiji&nbsp;<a href=\"http:\/\/citajknjigu.com\/autori\/\" target=\"_blank\" rel=\"noopener noreferrer\">\u010citaj knjigu<\/a>&nbsp;kao i istoimene FB stranice koja broji oko 160.000 pratitelja,&nbsp;a njene preporuke i recenzije objavljivat \u0107emo u rubrici <em><strong><a href=\"https:\/\/croatia-hotspots.com\/en\/category\/read-and-travel\/\" target=\"_blank\" rel=\"noopener noreferrer\">\u010citajmo i putujmo.<\/a><\/strong><\/em><\/p>\n<p><strong>HELENA VARENDORFF<\/strong><\/p>\n<p><img decoding=\"async\" src=\"http:\/\/hotspots.net.hr\/wp-content\/uploads\/2016\/02\/Okusi_banner_300x250.jpg\" alt=\"Okusi banner\"><\/p>\n<p>Helena Varendorff je osniva\u010dica portala <a href=\"http:\/\/www.okusi.eu\/\" target=\"_blank\" rel=\"noopener noreferrer\">Okusi.eu<\/a>. Kao slobodna novinarka i fotograf sura\u0111ivala je s vi\u0161e hrvatskih i europskih medija kao \u0161to su npr. Die Presse, The Economist Group i Cosmopolitan. Autorica jedne kuharice te food blogerica, obo\u017eava tr\u017enice i putovanja na kojima mo\u017ee ku\u0161ati nova jela i namirnice i \u017eeli svoju strast prenijeti i na \u010ditatelje portala. Seriju Heleninih izvrsnih tekstova o tr\u017enicama i europskim kavanama predstavili smo nedavno i na\u0161im \u010ditateljima.<\/p>\n<p><strong>ANA BI\u0160KO<\/strong><\/p>\n<p><strong><img decoding=\"async\" class=\"alignnone size-full wp-image-14915\" src=\"http:\/\/hotspots.net.hr\/wp-content\/uploads\/2016\/02\/ana-bisko-okusi-avatar-250x250.jpg\" alt=\"ana-bisko-okusi-avatar-250x250\" width=\"250\" height=\"250\" srcset=\"https:\/\/croatia-hotspots.com\/wp-content\/uploads\/2016\/02\/ana-bisko-okusi-avatar-250x250.jpg 250w, https:\/\/croatia-hotspots.com\/wp-content\/uploads\/2016\/02\/ana-bisko-okusi-avatar-250x250-150x150.jpg 150w\" sizes=\"(max-width: 250px) 100vw, 250px\" \/><br><\/strong>Kor\u010dulanka koja se preko Zagreba, Milana i Amsterdama vratila u Zagreb. Povjesni\u010darka umjetnosti, muzeolog, blogerica, copywriter, lektorica, prevoditeljica i predava\u010d\u2026 Najvi\u0161e voli i\u0107i okolo, jesti okolo i posje\u0107ivati muzeje okolo. Specijalizirala se za vo\u0111enje dru\u0161tvenih mre\u017ea te digitalni marketing a svojim kreativnim oto\u010dkim blogovima kao vanjski suradnik, potpoma\u017ee i doprinosi dinamici portala.<br>Budu\u0107i da mo\u017ee\u0161 curu s otoka, ali ne i otok iz cure Ana ve\u0107inom kuha doma\u0107u spizu: ribu, blitvu, le\u0161o meso, salsu od pamidori, slanutak, pa\u0161tu-fa\u017eol\u2026 Od kola\u010da radi samo ro\u017eatu.<\/p>\n<p><strong>ELA VRSALOVI\u0106<\/strong><\/p>\n<p><img decoding=\"async\" class=\"alignnone size-full wp-image-14905\" src=\"http:\/\/hotspots.net.hr\/wp-content\/uploads\/2016\/05\/slika-1.jpg\" alt=\"slika 1\" width=\"337\" height=\"600\" srcset=\"https:\/\/croatia-hotspots.com\/wp-content\/uploads\/2016\/05\/slika-1.jpg 337w, https:\/\/croatia-hotspots.com\/wp-content\/uploads\/2016\/05\/slika-1-169x300.jpg 169w\" sizes=\"(max-width: 337px) 100vw, 337px\" \/><\/p>\n<p><strong>Ela Vrsalovi\u0107<\/strong>, &nbsp;prof. engleskog jezika i sociologije, diplomirala je na Filozofskom fakultetu u Zadru. Za sebe ka\u017ee da vi\u0161e voli kuhati nego predavati. Ljubav prema ku\u017einavanju odvela ju je nekom drugom pravcu. Prekvalificirala se za kuhara u \u0161koli Oliva allegra i trenutno zavr\u0161ava program usavr\u0161avanja za Menad\u017eera hrane i pi\u0107a na Visokoj \u0161koli za menad\u017ement i dizajn Aspira. Dogodine planira upisati i studij Gastronomije.&nbsp;Zajedno sa sestrom vodi konobu<strong> Bokuncin<\/strong> u Sutivanu. Ovo im je tre\u0107a sezona i gu\u0161taju u svakom trenutku. Kuhanje je Elina strast, kuharice najdra\u017ea literatura a \u0161etnja me\u0111u bancima vo\u0107a, povr\u0107a i sira na pazaru omiljena \u0161oping ideja.<\/p>\n<p><strong>ANA MARIJA CICARELI<\/strong><\/p>\n<p><img decoding=\"async\" class=\"alignnone size-full wp-image-14187\" src=\"http:\/\/hotspots.net.hr\/wp-content\/uploads\/2016\/02\/Ana-Marija-Cicarelli.jpg\" alt=\"IMG_1871.jpeg\" width=\"300\" height=\"200\"><\/p>\n<p>Voditeljica Savjetovali\u0161ta za obiteljski smje\u0161taj<br>Interligo d.o.o.<br><a href=\"mailto:interligo@interligo.hr\">interligo@interligo.hr<\/a><\/p>\n<p><strong>Anamarija Cicarelli<\/strong>, diplomirana ekonomistica turizma, dolazi iz obitelji koja se bavila iznajmljivanjem, vo\u0111enjem pansiona, kasnije i apartmana jo\u0161 od 60-ih godina pro\u0161log stolje\u0107a te se smatra jednom od pionira turizma na srednjodalmatinskim otocima. Od ranog djetinjstva uklju\u010dena je u obiteljski posao. Osim formalnog i neformalnog obrazovanja u turizmu, Anamarija je radila dugi niz godina u turizmu na organizaciji raznih doga\u0111anja u zemlji i inozemstvu, organizaciji izleta, jednodnevnih i vi\u0161ednevnih, prezentaciji hrvatskog turizma u inozemstvu\u2026 Sve to vrijeme vodila je i vlastite smje\u0161tajne jedinice. Danas je vlasnica agencije za savjetovanje u turizmu \u201eInterligo\u201c, autorica vi\u0161e knjiga na temu obiteljskog smje\u0161taja te autorica i voditeljica brojnih edukacija u svim djelovima Hrvatske.<\/p>\n<p><strong>IVA SOLAREVI\u0106 JELI\u010cI\u0106, prof<\/strong><\/p>\n<p><img decoding=\"async\" class=\"alignnone size-full wp-image-14192\" src=\"http:\/\/hotspots.net.hr\/wp-content\/uploads\/2016\/02\/iva_main.png\" alt=\"iva_main\" width=\"252\" height=\"374\" srcset=\"https:\/\/croatia-hotspots.com\/wp-content\/uploads\/2016\/02\/iva_main.png 252w, https:\/\/croatia-hotspots.com\/wp-content\/uploads\/2016\/02\/iva_main-202x300.png 202w\" sizes=\"(max-width: 252px) 100vw, 252px\" \/><\/p>\n<div>Kreatorica Wellbeing koncepta <strong>Solar Spirit<\/strong>, koji se bavi \u010dovjekom kao multidimenzionalnim bi\u0107em i kao takvom mu pristupa u procesu balansiranja duh-tijelo sustava. Kroz tehnike meditacije, razgovora, opu\u0161tanja, yoge refleksije i osvje\u0161tavanja podr\u017eava pojedinca u kreiranju zdravlja te kreativnog i radosnog \u017eivljenja.<\/div>\n<div>Diplomirala na Kineziolo\u0161kom fakultetu u Zagrebu, gdje 2001. upisuje i poslijediplomski znanstveni studij. Prakti\u010dni, teoretski i znanstveni rad usmjeren je na razvoj wellness programa za pobolj\u0161anje kvalitete \u017eivljenja.<br>U objavljenim stru\u010dno-znanstvenim radovima bavi se problematikom utjecaja stresa na psiho-fizi\u010dko zdravlje, te razvija zdravstveno-preventivne programe koji osim fizi\u010dkih pokreta i vje\u017ebanja, zahtijevaju potpunu svjesnost vje\u017eba\u010da.<br>Baza istra\u017eivanja jest povezanost i me\u0111usoban utjecaj uma, duha i tijela, njihovo osvje\u0161tavanje i uskla\u0111ivanje, te postizanje cjelovitosti i sklada.<\/div>\n<div>Vi\u0161e o Ivinom radu potra\u017eite na web adresi &#8211; &nbsp;<a href=\"http:\/\/www.solar-spirit.net\/\" target=\"_blank\" rel=\"noopener noreferrer\">SOLAR SPIRIT<\/a><\/div>\n<div>&nbsp;<\/div>\n<div>&nbsp;<\/div>\n<div>&nbsp;<\/div>\n<div>&nbsp;<\/div>\n<div>&nbsp;<\/div>\n<p><strong>&nbsp;<\/strong><\/p>\n<p><a href=\"http:\/\/www.okusi.eu\" target=\"_blank\" rel=\"attachment noopener wp-att-13614 noreferrer\"><img decoding=\"async\" class=\"alignleft wp-image-13614 size-full\" src=\"http:\/\/hotspots.net.hr\/wp-content\/uploads\/2016\/02\/Okusi_banner_300x250.jpg\" alt=\"Okusi banner\" width=\"300\" height=\"250\"><\/a><\/p>","protected":false},"excerpt":{"rendered":"<p>BARBARA MARKOVI\u0106 Slu\u017ebeni edukator za privatni smje\u0161taj, vlasnica turisti\u010dke agencije Dalmagic.barbara@dalmagic.eu U apartmanskom&nbsp;smje\u0161taju posljednih godina dolazi do velikog preokreta. Dolaskom [&hellip;]<\/p>\n","protected":false},"author":560,"featured_media":0,"parent":0,"menu_order":0,"comment_status":"closed","ping_status":"closed","template":"","meta":{"footnotes":""},"class_list":["post-17500","page","type-page","status-publish","hentry"],"yoast_head":"<!-- This site is optimized with the Yoast SEO plugin v26.3 - https:\/\/yoast.com\/wordpress\/plugins\/seo\/ -->\n<title>Partners - Croatian Hot Spots<\/title>\n<meta name=\"description\" content=\"BARBARA MARKOVI\u0106 Slu\u017ebeni edukator za privatni smje\u0161taj, vlasnica turisti\u010dke agencije Dalmagic.barbara@dalmagic.eu U apartmanskom&nbsp;smje\u0161taju\" \/>\n<meta name=\"robots\" content=\"index, follow, max-snippet:-1, max-image-preview:large, max-video-preview:-1\" \/>\n<link rel=\"canonical\" href=\"https:\/\/croatia-hotspots.com\/en\/hotspots-partners\/\" \/>\n<meta name=\"twitter:card\" content=\"summary_large_image\" \/>\n<meta name=\"twitter:title\" content=\"Partners - Croatian Hot Spots\" \/>\n<meta name=\"twitter:description\" content=\"BARBARA MARKOVI\u0106 Slu\u017ebeni edukator za privatni smje\u0161taj, vlasnica turisti\u010dke agencije Dalmagic.barbara@dalmagic.eu U apartmanskom&nbsp;smje\u0161taju\" \/>\n<meta name=\"twitter:image\" content=\"http:\/\/hotspots.net.hr\/wp-content\/uploads\/2019\/07\/IMG_E3995.jpg\" \/>\n<meta name=\"twitter:label1\" content=\"Est. reading time\" \/>\n\t<meta name=\"twitter:data1\" content=\"6 minutes\" \/>\n<script type=\"application\/ld+json\" class=\"yoast-schema-graph\">{\"@context\":\"https:\/\/schema.org\",\"@graph\":[{\"@type\":\"WebPage\",\"@id\":\"https:\/\/croatia-hotspots.com\/en\/hotspots-partners\/\",\"url\":\"https:\/\/croatia-hotspots.com\/en\/hotspots-partners\/\",\"name\":\"Partners - Croatian Hot Spots\",\"isPartOf\":{\"@id\":\"https:\/\/croatia-hotspots.com\/en\/#website\"},\"primaryImageOfPage\":{\"@id\":\"https:\/\/croatia-hotspots.com\/en\/hotspots-partners\/#primaryimage\"},\"image\":{\"@id\":\"https:\/\/croatia-hotspots.com\/en\/hotspots-partners\/#primaryimage\"},\"thumbnailUrl\":\"http:\/\/hotspots.net.hr\/wp-content\/uploads\/2019\/07\/IMG_E3995.jpg\",\"datePublished\":\"2016-02-09T16:32:43+00:00\",\"dateModified\":\"2020-02-22T09:45:36+00:00\",\"description\":\"BARBARA MARKOVI\u0106 Slu\u017ebeni edukator za privatni smje\u0161taj, vlasnica turisti\u010dke agencije Dalmagic.barbara@dalmagic.eu U apartmanskom&nbsp;smje\u0161taju\",\"breadcrumb\":{\"@id\":\"https:\/\/croatia-hotspots.com\/en\/hotspots-partners\/#breadcrumb\"},\"inLanguage\":\"en-US\",\"potentialAction\":[{\"@type\":\"ReadAction\",\"target\":[\"https:\/\/croatia-hotspots.com\/en\/hotspots-partners\/\"]}]},{\"@type\":\"ImageObject\",\"inLanguage\":\"en-US\",\"@id\":\"https:\/\/croatia-hotspots.com\/en\/hotspots-partners\/#primaryimage\",\"url\":\"http:\/\/hotspots.net.hr\/wp-content\/uploads\/2019\/07\/IMG_E3995.jpg\",\"contentUrl\":\"http:\/\/hotspots.net.hr\/wp-content\/uploads\/2019\/07\/IMG_E3995.jpg\"},{\"@type\":\"BreadcrumbList\",\"@id\":\"https:\/\/croatia-hotspots.com\/en\/hotspots-partners\/#breadcrumb\",\"itemListElement\":[{\"@type\":\"ListItem\",\"position\":1,\"name\":\"Home\",\"item\":\"https:\/\/croatia-hotspots.com\/en\/blog-news\/\"},{\"@type\":\"ListItem\",\"position\":2,\"name\":\"Partners\"}]},{\"@type\":\"WebSite\",\"@id\":\"https:\/\/croatia-hotspots.com\/en\/#website\",\"url\":\"https:\/\/croatia-hotspots.com\/en\/\",\"name\":\"Croatian Hot Spots\",\"description\":\"Vodi\u0107 kroz najatraktivnije hrvatske destinacije\",\"potentialAction\":[{\"@type\":\"SearchAction\",\"target\":{\"@type\":\"EntryPoint\",\"urlTemplate\":\"https:\/\/croatia-hotspots.com\/en\/?s={search_term_string}\"},\"query-input\":{\"@type\":\"PropertyValueSpecification\",\"valueRequired\":true,\"valueName\":\"search_term_string\"}}],\"inLanguage\":\"en-US\"}]}<\/script>\n<!-- \/ Yoast SEO plugin. -->","yoast_head_json":{"title":"Partners - Croatian Hot Spots","description":"BARBARA MARKOVI\u0106 Slu\u017ebeni edukator za privatni smje\u0161taj, vlasnica turisti\u010dke agencije Dalmagic.barbara@dalmagic.eu U apartmanskom&nbsp;smje\u0161taju","robots":{"index":"index","follow":"follow","max-snippet":"max-snippet:-1","max-image-preview":"max-image-preview:large","max-video-preview":"max-video-preview:-1"},"canonical":"https:\/\/croatia-hotspots.com\/en\/hotspots-partners\/","twitter_card":"summary_large_image","twitter_title":"Partners - Croatian Hot Spots","twitter_description":"BARBARA MARKOVI\u0106 Slu\u017ebeni edukator za privatni smje\u0161taj, vlasnica turisti\u010dke agencije Dalmagic.barbara@dalmagic.eu U apartmanskom&nbsp;smje\u0161taju","twitter_image":"http:\/\/hotspots.net.hr\/wp-content\/uploads\/2019\/07\/IMG_E3995.jpg","twitter_misc":{"Est. reading time":"6 minutes"},"schema":{"@context":"https:\/\/schema.org","@graph":[{"@type":"WebPage","@id":"https:\/\/croatia-hotspots.com\/en\/hotspots-partners\/","url":"https:\/\/croatia-hotspots.com\/en\/hotspots-partners\/","name":"Partners - Croatian Hot Spots","isPartOf":{"@id":"https:\/\/croatia-hotspots.com\/en\/#website"},"primaryImageOfPage":{"@id":"https:\/\/croatia-hotspots.com\/en\/hotspots-partners\/#primaryimage"},"image":{"@id":"https:\/\/croatia-hotspots.com\/en\/hotspots-partners\/#primaryimage"},"thumbnailUrl":"http:\/\/hotspots.net.hr\/wp-content\/uploads\/2019\/07\/IMG_E3995.jpg","datePublished":"2016-02-09T16:32:43+00:00","dateModified":"2020-02-22T09:45:36+00:00","description":"BARBARA MARKOVI\u0106 Slu\u017ebeni edukator za privatni smje\u0161taj, vlasnica turisti\u010dke agencije Dalmagic.barbara@dalmagic.eu U apartmanskom&nbsp;smje\u0161taju","breadcrumb":{"@id":"https:\/\/croatia-hotspots.com\/en\/hotspots-partners\/#breadcrumb"},"inLanguage":"en-US","potentialAction":[{"@type":"ReadAction","target":["https:\/\/croatia-hotspots.com\/en\/hotspots-partners\/"]}]},{"@type":"ImageObject","inLanguage":"en-US","@id":"https:\/\/croatia-hotspots.com\/en\/hotspots-partners\/#primaryimage","url":"http:\/\/hotspots.net.hr\/wp-content\/uploads\/2019\/07\/IMG_E3995.jpg","contentUrl":"http:\/\/hotspots.net.hr\/wp-content\/uploads\/2019\/07\/IMG_E3995.jpg"},{"@type":"BreadcrumbList","@id":"https:\/\/croatia-hotspots.com\/en\/hotspots-partners\/#breadcrumb","itemListElement":[{"@type":"ListItem","position":1,"name":"Home","item":"https:\/\/croatia-hotspots.com\/en\/blog-news\/"},{"@type":"ListItem","position":2,"name":"Partners"}]},{"@type":"WebSite","@id":"https:\/\/croatia-hotspots.com\/en\/#website","url":"https:\/\/croatia-hotspots.com\/en\/","name":"Croatian Hot Spots","description":"Vodi\u0107 kroz najatraktivnije hrvatske destinacije","potentialAction":[{"@type":"SearchAction","target":{"@type":"EntryPoint","urlTemplate":"https:\/\/croatia-hotspots.com\/en\/?s={search_term_string}"},"query-input":{"@type":"PropertyValueSpecification","valueRequired":true,"valueName":"search_term_string"}}],"inLanguage":"en-US"}]}},"_links":{"self":[{"href":"https:\/\/croatia-hotspots.com\/en\/wp-json\/wp\/v2\/pages\/17500","targetHints":{"allow":["GET"]}}],"collection":[{"href":"https:\/\/croatia-hotspots.com\/en\/wp-json\/wp\/v2\/pages"}],"about":[{"href":"https:\/\/croatia-hotspots.com\/en\/wp-json\/wp\/v2\/types\/page"}],"author":[{"embeddable":true,"href":"https:\/\/croatia-hotspots.com\/en\/wp-json\/wp\/v2\/users\/560"}],"replies":[{"embeddable":true,"href":"https:\/\/croatia-hotspots.com\/en\/wp-json\/wp\/v2\/comments?post=17500"}],"version-history":[{"count":3,"href":"https:\/\/croatia-hotspots.com\/en\/wp-json\/wp\/v2\/pages\/17500\/revisions"}],"predecessor-version":[{"id":41123,"href":"https:\/\/croatia-hotspots.com\/en\/wp-json\/wp\/v2\/pages\/17500\/revisions\/41123"}],"wp:attachment":[{"href":"https:\/\/croatia-hotspots.com\/en\/wp-json\/wp\/v2\/media?parent=17500"}],"curies":[{"name":"wp","href":"https:\/\/api.w.org\/{rel}","templated":true}]}}